{"id":121,"date":"2019-10-02T11:15:17","date_gmt":"2019-10-02T11:15:17","guid":{"rendered":"https:\/\/artes.puenteromano.net\/?page_id=121"},"modified":"2021-09-14T08:47:44","modified_gmt":"2021-09-14T08:47:44","slug":"arte-y-filosofia","status":"publish","type":"page","link":"https:\/\/artes.puenteromano.net\/index.php\/arte-y-filosofia\/","title":{"rendered":"Verdad, realidad y arte"},"content":{"rendered":"<p>[et_pb_section fb_built=\u00bb1&#8243; fullwidth=\u00bbon\u00bb _builder_version=\u00bb4.9.3&#8243; _module_preset=\u00bbdefault\u00bb][et_pb_fullwidth_menu menu_id=\u00bb18&#8243; active_link_color=\u00bb#EDF000&#8243; _builder_version=\u00bb4.9.3&#8243; _module_preset=\u00bbdefault\u00bb menu_text_color=\u00bb#FFFFFF\u00bb background_color=\u00bb#8300E9&#8243;][\/et_pb_fullwidth_menu][\/et_pb_section][et_pb_section fb_built=\u00bb1&#8243; fullwidth=\u00bbon\u00bb _builder_version=\u00bb3.29.3&#8243; background_image=\u00bbhttps:\/\/artes.puenteromano.net\/wp-content\/uploads\/2019\/10\/circle-background-pattern.png\u00bb][et_pb_fullwidth_header header_image_url=\u00bbhttps:\/\/artes.puenteromano.net\/wp-content\/uploads\/2021\/04\/Logo-Arte-y-Cine-de-Teo-Martin-circ.png\u00bb _builder_version=\u00bb3.29.3&#8243; title_font=\u00bbMontserrat|700||on|||||\u00bb title_text_color=\u00bb#000000&#8243; title_font_size=\u00bb60px\u00bb background_enable_color=\u00bboff\u00bb background_layout=\u00bblight\u00bb custom_css_header_image=\u00bbwidth:200px;\u00bb]<\/p>\n<h1>Verdad, realidad y Arte<\/h1>\n<h4>IES Rey Pelayo, Cangas de On\u00eds<\/h4>\n<p>[\/et_pb_fullwidth_header][\/et_pb_section][et_pb_section fb_built=\u00bb1&#8243; _builder_version=\u00bb3.29.3&#8243; background_color=\u00bb#000000&#8243;][et_pb_row column_structure=\u00bb3_5,2_5&#8243; _builder_version=\u00bb3.29.3&#8243;][et_pb_column type=\u00bb3_5&#8243; _builder_version=\u00bb3.29.3&#8243;][et_pb_blurb title=\u00bbProyecto\u00bb _builder_version=\u00bb4.9.3&#8243; header_level=\u00bbh2&#8243; background_layout=\u00bbdark\u00bb]Reflexi\u00f3n, producci\u00f3n y edici\u00f3n de contenido creativo, <br \/>con\u00a0<em>My Mexican Bretzel<\/em> como <span style=\"color: #ff0000;\"><a href=\"https:\/\/artes.puenteromano.net\/index.php\/2021\/04\/03\/una-dulce-verdad\/\" style=\"color: #ff0000;\">pretexto<\/a><\/span>[\/et_pb_blurb][et_pb_blurb title=\u00bbRese\u00f1as\u00bb _builder_version=\u00bb4.9.3&#8243; header_level=\u00bbh2&#8243; background_layout=\u00bbdark\u00bb]<\/p>\n<p><a href=\"https:\/\/www.elfielato.es\/opinion\/adrian-alonso-enguita\/de-los-codigos\/20210520184123033511.html\">De los c\u00f3digos<\/a>, Adri\u00e1n Alonso Enguita<\/p>\n<p><a href=\"https:\/\/www.elfielato.es\/articulo\/comarca-picos-de-europa\/my-mexican-bretzel-cangas-onis\/20210521120513033525.html\">C\u00f3mo se puede desayunar fingiendo<\/a>, Gonzalo Barrena<\/p>\n<p>[\/et_pb_blurb][\/et_pb_column][et_pb_column type=\u00bb2_5&#8243; _builder_version=\u00bb3.29.3&#8243;][et_pb_code _builder_version=\u00bb3.29.3&#8243;]<iframe loading=\"lazy\" width=\"945\" height=\"532\" src=\"https:\/\/www.youtube.com\/embed\/n5uLZxcsX84\" title=\"YouTube video player\" frameborder=\"0\" allow=\"accelerometer; autoplay; clipboard-write; encrypted-media; gyroscope; picture-in-picture\" allowfullscreen=\"\"><\/iframe>[\/et_pb_code][\/et_pb_column][\/et_pb_row][\/et_pb_section][et_pb_section fb_built=\u00bb1&#8243; admin_label=\u00bbContact Form Section\u00bb _builder_version=\u00bb3.29.3&#8243; background_enable_color=\u00bboff\u00bb custom_padding=\u00bb110px||110px|\u00bb animation_style=\u00bbzoom\u00bb animation_direction=\u00bbbottom\u00bb animation_intensity_zoom=\u00bb10%\u00bb saved_tabs=\u00bball\u00bb][et_pb_row admin_label=\u00bbService Section Title\u00bb _builder_version=\u00bb3.25&#8243; custom_margin=\u00bb||40px|\u00bb animation_style=\u00bbfade\u00bb animation_direction=\u00bbtop\u00bb locked=\u00bboff\u00bb][et_pb_column type=\u00bb4_4&#8243; _builder_version=\u00bb3.25&#8243; custom_padding=\u00bb|||\u00bb custom_padding__hover=\u00bb|||\u00bb][et_pb_text admin_label=\u00bbTitle\u00bb _builder_version=\u00bb4.9.3&#8243; text_font=\u00bbMontserrat||||||||\u00bb text_text_color=\u00bb#747d88&#8243; text_font_size=\u00bb16px\u00bb text_line_height=\u00bb1.9em\u00bb header_font=\u00bb||||||||\u00bb header_2_font=\u00bbMontserrat|700||on|||||\u00bb header_2_font_size=\u00bb42px\u00bb header_2_line_height=\u00bb1.3em\u00bb background_size=\u00bbinitial\u00bb background_position=\u00bbtop_left\u00bb background_repeat=\u00bbrepeat\u00bb text_orientation=\u00bbcenter\u00bb max_width=\u00bb700px\u00bb module_alignment=\u00bbcenter\u00bb animation_style=\u00bbslide\u00bb animation_direction=\u00bbbottom\u00bb animation_intensity_slide=\u00bb4%\u00bb]<\/p>\n<h2>Rutas<\/h2>\n<h2><span style=\"color: #fff;\">\u00a0Hola<\/span><\/h2>\n<p>[\/et_pb_text][et_pb_text admin_label=\u00bbSubtitle\u00bb _builder_version=\u00bb4.9.3&#8243; text_font=\u00bbMontserrat||||\u00bb text_text_color=\u00bb#353740&#8243; text_font_size=\u00bb16px\u00bb text_line_height=\u00bb1.8em\u00bb header_font=\u00bb||||||||\u00bb background_size=\u00bbinitial\u00bb background_position=\u00bbtop_left\u00bb background_repeat=\u00bbrepeat\u00bb text_orientation=\u00bbcenter\u00bb max_width=\u00bb700px\u00bb module_alignment=\u00bbcenter\u00bb custom_margin=\u00bb|||\u00bb custom_padding=\u00bb||25px|||\u00bb animation_style=\u00bbslide\u00bb animation_direction=\u00bbbottom\u00bb animation_delay=\u00bb100ms\u00bb animation_intensity_slide=\u00bb4%\u00bb]<\/p>\n<ul>\n<li style=\"text-align: left;\">Punto de arranque: la pel\u00edcula\u00a0<a href=\"https:\/\/artes.puenteromano.net\/index.php\/my-mexican-bretzel\/\"><em>My mexican bretzel<\/em><\/a>, de Nuria Gim\u00e9nez Lorang<\/li>\n<li style=\"text-align: left;\"><a href=\"https:\/\/artes.puenteromano.net\/index.php\/el-proyecto\/\">El proyecto<\/a><\/li>\n<li style=\"text-align: left;\"><a href=\"https:\/\/artes.puenteromano.net\/index.php\/encuentros\/\">Encuentros<\/a><\/li>\n<li style=\"text-align: left;\"><a href=\"https:\/\/artes.puenteromano.net\/index.php\/producciones\/\">Producciones<\/a><\/li>\n<\/ul>\n<p>[\/et_pb_text][\/et_pb_column][\/et_pb_row][\/et_pb_section][et_pb_section fb_built=\u00bb1&#8243; admin_label=\u00bbContact Form Section\u00bb _builder_version=\u00bb3.22&#8243; background_color=\u00bb#fcd21d\u00bb custom_padding=\u00bb110px||110px|\u00bb animation_style=\u00bbzoom\u00bb animation_direction=\u00bbbottom\u00bb animation_intensity_zoom=\u00bb10%\u00bb saved_tabs=\u00bball\u00bb][et_pb_row admin_label=\u00bbService Section Title\u00bb _builder_version=\u00bb3.25&#8243; custom_margin=\u00bb||40px|\u00bb animation_style=\u00bbfade\u00bb animation_direction=\u00bbtop\u00bb locked=\u00bboff\u00bb][et_pb_column type=\u00bb4_4&#8243; _builder_version=\u00bb3.25&#8243; custom_padding=\u00bb|||\u00bb custom_padding__hover=\u00bb|||\u00bb][et_pb_text admin_label=\u00bbTitle\u00bb _builder_version=\u00bb4.9.3&#8243; text_font=\u00bbMontserrat||||||||\u00bb text_text_color=\u00bb#747d88&#8243; text_font_size=\u00bb16px\u00bb text_line_height=\u00bb1.9em\u00bb header_font=\u00bb||||||||\u00bb header_2_font=\u00bbMontserrat|700||on|||||\u00bb header_2_font_size=\u00bb42px\u00bb header_2_line_height=\u00bb1.3em\u00bb background_size=\u00bbinitial\u00bb background_position=\u00bbtop_left\u00bb background_repeat=\u00bbrepeat\u00bb text_orientation=\u00bbcenter\u00bb max_width=\u00bb700px\u00bb module_alignment=\u00bbcenter\u00bb animation_style=\u00bbslide\u00bb animation_direction=\u00bbbottom\u00bb animation_intensity_slide=\u00bb4%\u00bb]<\/p>\n<h2>verdad, realidad y arte<\/h2>\n<h2><a href=\"https:\/\/artes.puenteromano.net\/wp-content\/uploads\/2021\/05\/MMB-programa.pdf\" target=\"_blank\" rel=\"noopener\"><span style=\"color: #fff;\">\u00a0Programa<\/span><\/a><\/h2>\n<h2><a href=\"https:\/\/artes.puenteromano.net\/index.php\/actualidad\/\"><span style=\"color: #fff;\">\u00a0Textos<\/span><\/a><\/h2>\n<h2><span style=\"color: #fff;\">\u00a0y <a href=\"https:\/\/artes.puenteromano.net\/index.php\/producciones\/\">Pl\u00e1sticos<\/a><\/span><\/h2>\n<p>[\/et_pb_text][\/et_pb_column][\/et_pb_row][\/et_pb_section]<\/p>\n","protected":false},"excerpt":{"rendered":"<p>[et_pb_section fb_built=\u00bb1&#8243; fullwidth=\u00bbon\u00bb _builder_version=\u00bb4.9.3&#8243; _module_preset=\u00bbdefault\u00bb][et_pb_fullwidth_menu menu_id=\u00bb18&#8243; active_link_color=\u00bb#EDF000&#8243; _builder_version=\u00bb4.9.3&#8243; _module_preset=\u00bbdefault\u00bb menu_text_color=\u00bb#FFFFFF\u00bb background_color=\u00bb#8300E9&#8243;][\/et_pb_fullwidth_menu][\/et_pb_section][et_pb_section fb_built=\u00bb1&#8243; fullwidth=\u00bbon\u00bb _builder_version=\u00bb3.29.3&#8243; background_image=\u00bbhttps:\/\/artes.puenteromano.net\/wp-content\/uploads\/2019\/10\/circle-background-pattern.png\u00bb][et_pb_fullwidth_header header_image_url=\u00bbhttps:\/\/artes.puenteromano.net\/wp-content\/uploads\/2021\/04\/Logo-Arte-y-Cine-de-Teo-Martin-circ.png\u00bb _builder_version=\u00bb3.29.3&#8243; title_font=\u00bbMontserrat|700||on|||||\u00bb title_text_color=\u00bb#000000&#8243; title_font_size=\u00bb60px\u00bb background_enable_color=\u00bboff\u00bb background_layout=\u00bblight\u00bb custom_css_header_image=\u00bbwidth:200px;\u00bb] Verdad, realidad y Arte IES Rey Pelayo, Cangas de On\u00eds [\/et_pb_fullwidth_header][\/et_pb_section][et_pb_section fb_built=\u00bb1&#8243; _builder_version=\u00bb3.29.3&#8243; background_color=\u00bb#000000&#8243;][et_pb_row column_structure=\u00bb3_5,2_5&#8243; _builder_version=\u00bb3.29.3&#8243;][et_pb_column type=\u00bb3_5&#8243; _builder_version=\u00bb3.29.3&#8243;][et_pb_blurb title=\u00bbProyecto\u00bb _builder_version=\u00bb4.9.3&#8243; header_level=\u00bbh2&#8243; background_layout=\u00bbdark\u00bb]Reflexi\u00f3n, producci\u00f3n y edici\u00f3n de contenido creativo, con\u00a0My Mexican Bretzel como [&hellip;]<\/p>\n","protected":false},"author":1,"featured_media":0,"parent":0,"menu_order":0,"comment_status":"closed","ping_status":"closed","template":"","meta":{"_et_pb_use_builder":"on","_et_pb_old_content":"","_et_gb_content_width":"","footnotes":""},"class_list":["post-121","page","type-page","status-publish","hentry"],"_links":{"self":[{"href":"https:\/\/artes.puenteromano.net\/index.php\/wp-json\/wp\/v2\/pages\/121","targetHints":{"allow":["GET"]}}],"collection":[{"href":"https:\/\/artes.puenteromano.net\/index.php\/wp-json\/wp\/v2\/pages"}],"about":[{"href":"https:\/\/artes.puenteromano.net\/index.php\/wp-json\/wp\/v2\/types\/page"}],"author":[{"embeddable":true,"href":"https:\/\/artes.puenteromano.net\/index.php\/wp-json\/wp\/v2\/users\/1"}],"replies":[{"embeddable":true,"href":"https:\/\/artes.puenteromano.net\/index.php\/wp-json\/wp\/v2\/comments?post=121"}],"version-history":[{"count":50,"href":"https:\/\/artes.puenteromano.net\/index.php\/wp-json\/wp\/v2\/pages\/121\/revisions"}],"predecessor-version":[{"id":989,"href":"https:\/\/artes.puenteromano.net\/index.php\/wp-json\/wp\/v2\/pages\/121\/revisions\/989"}],"wp:attachment":[{"href":"https:\/\/artes.puenteromano.net\/index.php\/wp-json\/wp\/v2\/media?parent=121"}],"curies":[{"name":"wp","href":"https:\/\/api.w.org\/{rel}","templated":true}]}}