{"id":436,"date":"2021-04-05T15:01:28","date_gmt":"2021-04-05T15:01:28","guid":{"rendered":"https:\/\/artes.puenteromano.net\/?page_id=436"},"modified":"2021-09-14T09:01:48","modified_gmt":"2021-09-14T09:01:48","slug":"el-proyecto","status":"publish","type":"page","link":"https:\/\/artes.puenteromano.net\/index.php\/el-proyecto\/","title":{"rendered":"El proyecto"},"content":{"rendered":"<p>[et_pb_section fb_built=\u00bb1&#8243; admin_label=\u00bbHero\u00bb _builder_version=\u00bb3.29.3&#8243; use_background_color_gradient=\u00bbon\u00bb background_color_gradient_start=\u00bbrgba(0,0,0,0.6)\u00bb background_color_gradient_end=\u00bbrgba(0,0,0,0.6)\u00bb background_color_gradient_overlays_image=\u00bbon\u00bb background_image=\u00bbhttps:\/\/artes.puenteromano.net\/wp-content\/uploads\/2021\/04\/Flores-amarillas-b.jpeg\u00bb custom_padding=\u00bb110px|0px|110px|0px|false|false\u00bb animation_style=\u00bbzoom\u00bb animation_intensity_zoom=\u00bb4%\u00bb][et_pb_row _builder_version=\u00bb3.25&#8243; background_size=\u00bbinitial\u00bb background_position=\u00bbtop_left\u00bb background_repeat=\u00bbrepeat\u00bb custom_padding=\u00bb|||\u00bb animation_style=\u00bbslide\u00bb animation_direction=\u00bbtop\u00bb animation_intensity_slide=\u00bb3%\u00bb][et_pb_column type=\u00bb4_4&#8243; _builder_version=\u00bb3.25&#8243; custom_padding=\u00bb|||\u00bb custom_padding__hover=\u00bb|||\u00bb][et_pb_text _builder_version=\u00bb3.29.3&#8243; text_font=\u00bbMontserrat|500||on|||||\u00bb text_text_color=\u00bb#f7f7f7&#8243; text_font_size=\u00bb16px\u00bb text_letter_spacing=\u00bb3px\u00bb background_size=\u00bbinitial\u00bb background_position=\u00bbtop_left\u00bb background_repeat=\u00bbrepeat\u00bb custom_margin=\u00bb|||\u00bb animation_style=\u00bbslide\u00bb animation_direction=\u00bbbottom\u00bb locked=\u00bboff\u00bb]<\/p>\n<p>IES \u00abRey Pelayo\u00bb, Cangas de On\u00eds, Asturias<\/p>\n<p>[\/et_pb_text][et_pb_text _builder_version=\u00bb3.29.3&#8243; text_font=\u00bb||||||||\u00bb header_font=\u00bbMontserrat|700||on|||||\u00bb header_text_color=\u00bb#ffffff\u00bb header_font_size=\u00bb60px\u00bb header_line_height=\u00bb1.3em\u00bb header_2_font=\u00bb||||||||\u00bb background_size=\u00bbinitial\u00bb background_position=\u00bbtop_left\u00bb background_repeat=\u00bbrepeat\u00bb custom_margin=\u00bb|||\u00bb animation_style=\u00bbfade\u00bb header_font_size_last_edited=\u00bboff|desktop\u00bb locked=\u00bboff\u00bb]<\/p>\n<h1>Verdad, realidad y arte<\/h1>\n<p>[\/et_pb_text][et_pb_text _builder_version=\u00bb3.29.3&#8243; text_font=\u00bb||||||||\u00bb text_text_color=\u00bb#ffffff\u00bb text_font_size=\u00bb24px\u00bb text_line_height=\u00bb1.8em\u00bb background_size=\u00bbinitial\u00bb background_position=\u00bbtop_left\u00bb background_repeat=\u00bbrepeat\u00bb max_width=\u00bb700px\u00bb module_alignment=\u00bbleft\u00bb animation_style=\u00bbflip\u00bb animation_direction=\u00bbtop\u00bb animation_intensity_flip=\u00bb20%\u00bb locked=\u00bboff\u00bb]<\/p>\n<p>Alumnas\/os del Bachillerato de Artes, Departamentos de Educaci\u00f3n Pl\u00e1stica y Visual, F\u00edsica y Qu\u00edmica, Filosof\u00eda<\/p>\n<p>[\/et_pb_text][\/et_pb_column][\/et_pb_row][\/et_pb_section][et_pb_section fb_built=\u00bb1&#8243; admin_label=\u00bbFullwidth Image\u00bb _builder_version=\u00bb3.22&#8243; custom_padding=\u00bb110px|0px|110px|0px\u00bb][et_pb_row _builder_version=\u00bb3.25&#8243; background_size=\u00bbinitial\u00bb background_position=\u00bbtop_left\u00bb background_repeat=\u00bbrepeat\u00bb][et_pb_column type=\u00bb4_4&#8243; _builder_version=\u00bb3.25&#8243; custom_padding=\u00bb|||\u00bb custom_padding__hover=\u00bb|||\u00bb][et_pb_text _builder_version=\u00bb4.9.3&#8243; text_text_color=\u00bb#747d88&#8243; text_font_size=\u00bb24px\u00bb text_line_height=\u00bb1.8em\u00bb background_size=\u00bbinitial\u00bb background_position=\u00bbtop_left\u00bb background_repeat=\u00bbrepeat\u00bb text_orientation=\u00bbcenter\u00bb max_width=\u00bb700px\u00bb module_alignment=\u00bbcenter\u00bb animation_style=\u00bbfade\u00bb animation_direction=\u00bbtop\u00bb hover_enabled=\u00bb0&#8243; sticky_enabled=\u00bb0&#8243;]<\/p>\n<p><span>Proyecto en desarrollado durante el tercer trimestre del curso 2020-2021.<\/span><\/p>\n<p>[\/et_pb_text][et_pb_text _builder_version=\u00bb4.9.3&#8243; _module_preset=\u00bbdefault\u00bb]<\/p>\n<p>Los Departamentos de <em>Filosof\u00eda<\/em>, <em>F\u00edsica y Qu\u00edmica<\/em> y <em>Educaci\u00f3n Pl\u00e1stica y Visual<\/em> del IES Rey Pelayo de Cangas de On\u00eds, han programado una actividad complementaria, abierta a todos los grupos de Bachillerato y denominada <em><strong>Verdad, realidad y arte<\/strong><\/em>, para la reflexi\u00f3n sobre la producci\u00f3n y edici\u00f3n de contenidos creativos.<\/p>\n<p>Tras los trabajos de aula, tienen lugar el <strong>martes 18<\/strong> (con 2\u00ba de Bachillerato) y el <strong>mi\u00e9rcoles 19 de mayo<\/strong> (con 1\u00ba), dos encuentros entre el alumnado y la directora de cine Nuria Gim\u00e9nez Lorang, en el Sal\u00f3n de Actos del Instituto.<\/p>\n<p>Los coloquios con la directora parten de su premiada pel\u00edcula <em><strong>My Mexican Bretzel<\/strong><\/em>, galardonada en el Festival de Cine de Gij\u00f3n de 2019, secci\u00f3n \u201cCine Espa\u00f1ol\u201d, como \u201c<em>mejor pel\u00edcula<\/em>\u201d, \u201c<em>mejor gui\u00f3n<\/em>\u201d y \u201c<em>mejor direcci\u00f3n<\/em>\u201d.<\/p>\n<p>[\/et_pb_text][\/et_pb_column][\/et_pb_row][\/et_pb_section][et_pb_section fb_built=\u00bb1&#8243; admin_label=\u00bbText and Image\u00bb _builder_version=\u00bb3.29.3&#8243; background_color=\u00bb#f7f7f7&#8243; custom_padding=\u00bb110px|0px|110px|0px\u00bb][et_pb_row column_structure=\u00bb1_2,1_2&#8243; _builder_version=\u00bb3.25&#8243; background_size=\u00bbinitial\u00bb background_position=\u00bbtop_left\u00bb background_repeat=\u00bbrepeat\u00bb][et_pb_column type=\u00bb1_2&#8243; _builder_version=\u00bb3.25&#8243; custom_padding=\u00bb|||\u00bb custom_padding__hover=\u00bb|||\u00bb][et_pb_text _builder_version=\u00bb3.29.3&#8243; text_font=\u00bb||||||||\u00bb text_text_color=\u00bb#747d88&#8243; text_font_size=\u00bb20px\u00bb text_line_height=\u00bb1.8em\u00bb header_font=\u00bb||||||||\u00bb header_3_font=\u00bbMontserrat||||||||\u00bb header_3_line_height=\u00bb1.5em\u00bb background_size=\u00bbinitial\u00bb background_position=\u00bbtop_left\u00bb background_repeat=\u00bbrepeat\u00bb max_width=\u00bb700px\u00bb module_alignment=\u00bbcenter\u00bb custom_margin=\u00bb120px|||\u00bb animation_style=\u00bbfade\u00bb animation_direction=\u00bbtop\u00bb]<\/p>\n<h3>Departamento de Educaci\u00f3n Pl\u00e1stica y Visual<\/h3>\n<p>Dise\u00f1o gr\u00e1fico, imagen y presentaciones.<\/p>\n<h3>Departamento de F\u00edsica y Qu\u00edmica<\/h3>\n<p>Luz, pel\u00edculas y digitalizaci\u00f3n. Sonido y silencio.<\/p>\n<h3>Departamento de Filosof\u00eda<\/h3>\n<p>An\u00e1lisis y textos.<\/p>\n<h3>Alumnado<\/h3>\n<p>Producciones.<\/p>\n<p>&nbsp;<\/p>\n<p>[\/et_pb_text][\/et_pb_column][et_pb_column type=\u00bb1_2&#8243; _builder_version=\u00bb3.25&#8243; custom_padding=\u00bb|||\u00bb custom_padding__hover=\u00bb|||\u00bb][et_pb_image src=\u00bbhttps:\/\/artes.puenteromano.net\/wp-content\/uploads\/2021\/04\/Tras-la-espesura-b.jpeg\u00bb show_in_lightbox=\u00bbon\u00bb align_tablet=\u00bbcenter\u00bb align_phone=\u00bb\u00bb align_last_edited=\u00bbon|desktop\u00bb _builder_version=\u00bb3.29.3&#8243; animation_style=\u00bbslide\u00bb animation_direction=\u00bbright\u00bb animation_intensity_slide=\u00bb10%\u00bb][\/et_pb_image][et_pb_text _builder_version=\u00bb3.29.3&#8243; text_font_size=\u00bb20px\u00bb]<\/p>\n<p>Ver tras la espesura.<\/p>\n<p>[\/et_pb_text][\/et_pb_column][\/et_pb_row][\/et_pb_section][et_pb_section fb_built=\u00bb1&#8243; admin_label=\u00bbImage and Text\u00bb _builder_version=\u00bb3.22&#8243; background_color=\u00bb#ffffff\u00bb custom_padding=\u00bb110px|0px|110px|0px\u00bb][et_pb_row column_structure=\u00bb1_2,1_2&#8243; _builder_version=\u00bb3.25&#8243; background_size=\u00bbinitial\u00bb background_position=\u00bbtop_left\u00bb background_repeat=\u00bbrepeat\u00bb][et_pb_column type=\u00bb1_2&#8243; _builder_version=\u00bb3.25&#8243; custom_padding=\u00bb|||\u00bb custom_padding__hover=\u00bb|||\u00bb][et_pb_image src=\u00bbhttps:\/\/artes.puenteromano.net\/wp-content\/uploads\/2021\/04\/Flores-amarillas-b.jpeg\u00bb show_in_lightbox=\u00bbon\u00bb align_tablet=\u00bbcenter\u00bb align_phone=\u00bb\u00bb align_last_edited=\u00bbon|desktop\u00bb _builder_version=\u00bb3.29.3&#8243; animation_style=\u00bbslide\u00bb animation_direction=\u00bbleft\u00bb animation_intensity_slide=\u00bb10%\u00bb][\/et_pb_image][\/et_pb_column][et_pb_column type=\u00bb1_2&#8243; _builder_version=\u00bb3.25&#8243; custom_padding=\u00bb|||\u00bb custom_padding__hover=\u00bb|||\u00bb][et_pb_text _builder_version=\u00bb3.29.3&#8243; text_font=\u00bb||||||||\u00bb text_text_color=\u00bb#747d88&#8243; text_font_size=\u00bb20px\u00bb text_line_height=\u00bb1.8em\u00bb header_font=\u00bb||||||||\u00bb header_3_font=\u00bbMontserrat||||||||\u00bb header_3_line_height=\u00bb1.5em\u00bb background_size=\u00bbinitial\u00bb background_position=\u00bbtop_left\u00bb background_repeat=\u00bbrepeat\u00bb max_width=\u00bb700px\u00bb module_alignment=\u00bbcenter\u00bb custom_margin=\u00bb60px|||\u00bb animation_style=\u00bbfade\u00bb animation_direction=\u00bbtop\u00bb]<\/p>\n<h3>M\u00e1s all\u00e1 de etiquetas y g\u00e9neros<\/h3>\n<p><span>La creaci\u00f3n art\u00edstica es una puerta entre \u00e9ste y las cosas que vienen del otro lado. El autor unipersonal pretende hace pasar por suyo el descubrimiento.<\/span><\/p>\n<p>[\/et_pb_text][\/et_pb_column][\/et_pb_row][\/et_pb_section]<\/p>\n","protected":false},"excerpt":{"rendered":"<p>[et_pb_section fb_built=\u00bb1&#8243; admin_label=\u00bbHero\u00bb _builder_version=\u00bb3.29.3&#8243; use_background_color_gradient=\u00bbon\u00bb background_color_gradient_start=\u00bbrgba(0,0,0,0.6)\u00bb background_color_gradient_end=\u00bbrgba(0,0,0,0.6)\u00bb background_color_gradient_overlays_image=\u00bbon\u00bb background_image=\u00bbhttps:\/\/artes.puenteromano.net\/wp-content\/uploads\/2021\/04\/Flores-amarillas-b.jpeg\u00bb custom_padding=\u00bb110px|0px|110px|0px|false|false\u00bb animation_style=\u00bbzoom\u00bb animation_intensity_zoom=\u00bb4%\u00bb][et_pb_row _builder_version=\u00bb3.25&#8243; background_size=\u00bbinitial\u00bb background_position=\u00bbtop_left\u00bb background_repeat=\u00bbrepeat\u00bb custom_padding=\u00bb|||\u00bb animation_style=\u00bbslide\u00bb animation_direction=\u00bbtop\u00bb animation_intensity_slide=\u00bb3%\u00bb][et_pb_column type=\u00bb4_4&#8243; _builder_version=\u00bb3.25&#8243; custom_padding=\u00bb|||\u00bb custom_padding__hover=\u00bb|||\u00bb][et_pb_text _builder_version=\u00bb3.29.3&#8243; text_font=\u00bbMontserrat|500||on|||||\u00bb text_text_color=\u00bb#f7f7f7&#8243; text_font_size=\u00bb16px\u00bb text_letter_spacing=\u00bb3px\u00bb background_size=\u00bbinitial\u00bb background_position=\u00bbtop_left\u00bb background_repeat=\u00bbrepeat\u00bb custom_margin=\u00bb|||\u00bb animation_style=\u00bbslide\u00bb animation_direction=\u00bbbottom\u00bb locked=\u00bboff\u00bb] IES \u00abRey Pelayo\u00bb, Cangas de On\u00eds, Asturias [\/et_pb_text][et_pb_text _builder_version=\u00bb3.29.3&#8243; text_font=\u00bb||||||||\u00bb header_font=\u00bbMontserrat|700||on|||||\u00bb header_text_color=\u00bb#ffffff\u00bb header_font_size=\u00bb60px\u00bb header_line_height=\u00bb1.3em\u00bb header_2_font=\u00bb||||||||\u00bb background_size=\u00bbinitial\u00bb background_position=\u00bbtop_left\u00bb background_repeat=\u00bbrepeat\u00bb custom_margin=\u00bb|||\u00bb [&hellip;]<\/p>\n","protected":false},"author":1,"featured_media":0,"parent":0,"menu_order":0,"comment_status":"closed","ping_status":"closed","template":"","meta":{"_et_pb_use_builder":"on","_et_pb_old_content":"","_et_gb_content_width":"","footnotes":""},"class_list":["post-436","page","type-page","status-publish","hentry"],"_links":{"self":[{"href":"https:\/\/artes.puenteromano.net\/index.php\/wp-json\/wp\/v2\/pages\/436","targetHints":{"allow":["GET"]}}],"collection":[{"href":"https:\/\/artes.puenteromano.net\/index.php\/wp-json\/wp\/v2\/pages"}],"about":[{"href":"https:\/\/artes.puenteromano.net\/index.php\/wp-json\/wp\/v2\/types\/page"}],"author":[{"embeddable":true,"href":"https:\/\/artes.puenteromano.net\/index.php\/wp-json\/wp\/v2\/users\/1"}],"replies":[{"embeddable":true,"href":"https:\/\/artes.puenteromano.net\/index.php\/wp-json\/wp\/v2\/comments?post=436"}],"version-history":[{"count":13,"href":"https:\/\/artes.puenteromano.net\/index.php\/wp-json\/wp\/v2\/pages\/436\/revisions"}],"predecessor-version":[{"id":1000,"href":"https:\/\/artes.puenteromano.net\/index.php\/wp-json\/wp\/v2\/pages\/436\/revisions\/1000"}],"wp:attachment":[{"href":"https:\/\/artes.puenteromano.net\/index.php\/wp-json\/wp\/v2\/media?parent=436"}],"curies":[{"name":"wp","href":"https:\/\/api.w.org\/{rel}","templated":true}]}}