{"id":5,"date":"2019-01-19T20:13:35","date_gmt":"2019-01-19T20:13:35","guid":{"rendered":"http:\/\/artes.puenteromano.net\/?page_id=5"},"modified":"2023-01-17T12:50:49","modified_gmt":"2023-01-17T12:50:49","slug":"5-2","status":"publish","type":"page","link":"https:\/\/artes.puenteromano.net\/","title":{"rendered":"Cine y Filosof\u00eda"},"content":{"rendered":"<p>[et_pb_section fb_built=\u00bb1&#8243; fullwidth=\u00bbon\u00bb _builder_version=\u00bb3.29.3&#8243; background_image=\u00bbhttps:\/\/artes.puenteromano.net\/wp-content\/uploads\/2019\/10\/circle-background-pattern.png\u00bb][et_pb_fullwidth_header header_image_url=\u00bbhttps:\/\/artes.puenteromano.net\/wp-content\/uploads\/2021\/09\/Logo_artes.png\u00bb _builder_version=\u00bb4.9.3&#8243; title_font=\u00bbMontserrat|700||on|||||\u00bb title_text_color=\u00bb#000000&#8243; title_font_size=\u00bb60px\u00bb background_enable_color=\u00bboff\u00bb background_layout=\u00bblight\u00bb custom_css_header_image=\u00bbwidth:200px;\u00bb]<\/p>\n<h1>Arte y Filosof\u00eda<\/h1>\n<h4>IES Rey Pelayo, Cangas de On\u00eds<\/h4>\n<p>[\/et_pb_fullwidth_header][\/et_pb_section][et_pb_section fb_built=\u00bb1&#8243; _builder_version=\u00bb3.29.3&#8243; background_color=\u00bb#000000&#8243;][et_pb_row _builder_version=\u00bb4.9.3&#8243; _module_preset=\u00bbdefault\u00bb][et_pb_column type=\u00bb4_4&#8243; _builder_version=\u00bb4.9.3&#8243; _module_preset=\u00bbdefault\u00bb][et_pb_text admin_label=\u00bbTitle\u00bb _builder_version=\u00bb4.9.3&#8243; text_font=\u00bbMontserrat||||||||\u00bb text_text_color=\u00bb#747d88&#8243; text_font_size=\u00bb16px\u00bb text_line_height=\u00bb1.9em\u00bb header_font=\u00bb||||||||\u00bb header_2_font=\u00bbMontserrat|700||on|||||\u00bb header_2_font_size=\u00bb42px\u00bb header_2_line_height=\u00bb1.3em\u00bb background_size=\u00bbinitial\u00bb background_position=\u00bbtop_left\u00bb background_repeat=\u00bbrepeat\u00bb text_orientation=\u00bbcenter\u00bb max_width=\u00bb700px\u00bb module_alignment=\u00bbcenter\u00bb animation_style=\u00bbslide\u00bb animation_direction=\u00bbbottom\u00bb animation_intensity_slide=\u00bb4%\u00bb]<\/p>\n<h2 style=\"text-align: center;\"><span style=\"color: #fff;\">\u00a0Acciones<\/span><\/h2>\n<p>[\/et_pb_text][\/et_pb_column][\/et_pb_row][et_pb_row column_structure=\u00bb1_3,1_3,1_3&#8243; _builder_version=\u00bb3.29.3&#8243;][et_pb_column type=\u00bb1_3&#8243; _builder_version=\u00bb4.9.3&#8243; _module_preset=\u00bbdefault\u00bb][et_pb_blurb title=\u00bbD\u00edas de Cine\u00bb url=\u00bbhttps:\/\/artes.puenteromano.net\/index.php\/cine-y-educacion\/\u00bb image=\u00bbhttps:\/\/artes.puenteromano.net\/wp-content\/uploads\/2022\/03\/Logo-DC1a-alfa-jpg.png\u00bb icon_alignment=\u00bbleft\u00bb _builder_version=\u00bb4.9.3&#8243; header_level=\u00bbh2&#8243; background_layout=\u00bbdark\u00bb link_option_url_new_window=\u00bbon\u00bb custom_css_blurb_image=\u00bbwidth:150px;\u00bb border_color_all_image=\u00bbRGBA(0,0,0,0)\u00bb]<\/p>\n<p>Alumnos y profesores\/as<br \/>IES Rey Pelayo, Cangas de On\u00eds<\/p>\n<p>[\/et_pb_blurb][\/et_pb_column][et_pb_column type=\u00bb1_3&#8243; _builder_version=\u00bb3.29.3&#8243;][et_pb_blurb title=\u00bbArte en la piel\u00bb url=\u00bbhttps:\/\/artes.puenteromano.net\/index.php\/project\/color-y-dolor-de-adrian-alonso\/\u00bb image=\u00bbhttps:\/\/artes.puenteromano.net\/wp-content\/uploads\/2021\/12\/Color-y-dolor-b-cartel-Sofia-Pinan-scaled.jpg\u00bb icon_alignment=\u00bbleft\u00bb _builder_version=\u00bb4.9.3&#8243; header_level=\u00bbh2&#8243; background_layout=\u00bbdark\u00bb link_option_url=\u00bbhttps:\/\/artes.puenteromano.net\/index.php\/project\/color-y-dolor-de-adrian-alonso\/\u00bb custom_css_blurb_image=\u00bbwidth:150px;\u00bb]<\/p>\n<p>\u00abColor y dolor\u00bb, de Adri\u00e1n Alonso. Reflexi\u00f3n y producci\u00f3n creativa en el tatuaje<\/p>\n<p>[\/et_pb_blurb][\/et_pb_column][et_pb_column type=\u00bb1_3&#8243; _builder_version=\u00bb3.29.3&#8243;][et_pb_blurb title=\u00bbVerdad, realidad y arte\u00bb url=\u00bbhttps:\/\/artes.puenteromano.net\/index.php\/arte-y-filosofia\/\u00bb image=\u00bbhttps:\/\/artes.puenteromano.net\/wp-content\/uploads\/2021\/04\/Cine-y-realidad-logo-de-Teo-Martin.png\u00bb icon_alignment=\u00bbleft\u00bb _builder_version=\u00bb4.9.3&#8243; header_level=\u00bbh2&#8243; background_layout=\u00bbdark\u00bb link_option_url=\u00bbhttps:\/\/artes.puenteromano.net\/index.php\/arte-y-filosofia\/\u00bb custom_css_blurb_image=\u00bbwidth: 125px;\u00bb]<\/p>\n<p>Reflexi\u00f3n sobre creatividad<br \/>a prop\u00f3sito de la pel\u00edcula\u00a0<em>My Mexican Bretzel<\/em><\/p>\n<p>[\/et_pb_blurb][\/et_pb_column][\/et_pb_row][\/et_pb_section][et_pb_section fb_built=\u00bb1&#8243; admin_label=\u00bbContact Form Section\u00bb _builder_version=\u00bb3.29.3&#8243; background_enable_color=\u00bboff\u00bb custom_padding=\u00bb110px||110px|\u00bb animation_style=\u00bbzoom\u00bb animation_direction=\u00bbbottom\u00bb animation_intensity_zoom=\u00bb10%\u00bb saved_tabs=\u00bball\u00bb][et_pb_row admin_label=\u00bbService Section Title\u00bb _builder_version=\u00bb3.25&#8243; custom_margin=\u00bb||40px|\u00bb animation_style=\u00bbfade\u00bb animation_direction=\u00bbtop\u00bb locked=\u00bboff\u00bb][et_pb_column type=\u00bb4_4&#8243; _builder_version=\u00bb3.25&#8243; custom_padding=\u00bb|||\u00bb custom_padding__hover=\u00bb|||\u00bb][et_pb_text admin_label=\u00bbTitle\u00bb _builder_version=\u00bb4.9.3&#8243; text_font=\u00bbMontserrat||||||||\u00bb text_text_color=\u00bb#747d88&#8243; text_font_size=\u00bb16px\u00bb text_line_height=\u00bb1.9em\u00bb header_font=\u00bb||||||||\u00bb header_2_font=\u00bbMontserrat|700||on|||||\u00bb header_2_font_size=\u00bb42px\u00bb header_2_line_height=\u00bb1.3em\u00bb background_size=\u00bbinitial\u00bb background_position=\u00bbtop_left\u00bb background_repeat=\u00bbrepeat\u00bb text_orientation=\u00bbcenter\u00bb max_width=\u00bb700px\u00bb module_alignment=\u00bbcenter\u00bb animation_style=\u00bbslide\u00bb animation_direction=\u00bbbottom\u00bb animation_intensity_slide=\u00bb4%\u00bb]<\/p>\n<h2>Alumnado<\/h2>\n<h3>Trabajos<\/h3>\n<h2><span style=\"color: #fff;\">\u00a0Hola<\/span><\/h2>\n<p>[\/et_pb_text][\/et_pb_column][\/et_pb_row][et_pb_row _builder_version=\u00bb4.9.3&#8243; _module_preset=\u00bbdefault\u00bb][et_pb_column type=\u00bb4_4&#8243; _builder_version=\u00bb4.9.3&#8243; _module_preset=\u00bbdefault\u00bb][et_pb_filterable_portfolio _builder_version=\u00bb4.9.3&#8243; _module_preset=\u00bbdefault\u00bb hover_enabled=\u00bb0&#8243; include_categories=\u00bb25&#8243; sticky_enabled=\u00bb0&#8243;][\/et_pb_filterable_portfolio][\/et_pb_column][\/et_pb_row][\/et_pb_section][et_pb_section fb_built=\u00bb1&#8243; admin_label=\u00bbContact Form Section\u00bb _builder_version=\u00bb3.22&#8243; background_color=\u00bb#fcd21d\u00bb custom_padding=\u00bb110px||110px|\u00bb animation_style=\u00bbzoom\u00bb animation_direction=\u00bbbottom\u00bb animation_intensity_zoom=\u00bb10%\u00bb saved_tabs=\u00bball\u00bb][et_pb_row admin_label=\u00bbService Section Title\u00bb _builder_version=\u00bb3.25&#8243; custom_margin=\u00bb||40px|\u00bb animation_style=\u00bbfade\u00bb animation_direction=\u00bbtop\u00bb locked=\u00bboff\u00bb][et_pb_column type=\u00bb4_4&#8243; _builder_version=\u00bb3.25&#8243; custom_padding=\u00bb|||\u00bb custom_padding__hover=\u00bb|||\u00bb][et_pb_text admin_label=\u00bbTitle\u00bb _builder_version=\u00bb4.9.3&#8243; text_font=\u00bbMontserrat||||||||\u00bb text_text_color=\u00bb#747d88&#8243; text_font_size=\u00bb16px\u00bb text_line_height=\u00bb1.9em\u00bb header_font=\u00bb||||||||\u00bb header_2_font=\u00bbMontserrat|700||on|||||\u00bb header_2_font_size=\u00bb42px\u00bb header_2_line_height=\u00bb1.3em\u00bb background_size=\u00bbinitial\u00bb background_position=\u00bbtop_left\u00bb background_repeat=\u00bbrepeat\u00bb text_orientation=\u00bbcenter\u00bb max_width=\u00bb700px\u00bb module_alignment=\u00bbcenter\u00bb animation_style=\u00bbslide\u00bb animation_direction=\u00bbbottom\u00bb animation_intensity_slide=\u00bb4%\u00bb][\/et_pb_text][\/et_pb_column][\/et_pb_row][\/et_pb_section]<\/p>\n","protected":false},"excerpt":{"rendered":"<p>[et_pb_section fb_built=\u00bb1&#8243; fullwidth=\u00bbon\u00bb _builder_version=\u00bb3.29.3&#8243; background_image=\u00bbhttps:\/\/artes.puenteromano.net\/wp-content\/uploads\/2019\/10\/circle-background-pattern.png\u00bb][et_pb_fullwidth_header header_image_url=\u00bbhttps:\/\/artes.puenteromano.net\/wp-content\/uploads\/2021\/09\/Logo_artes.png\u00bb _builder_version=\u00bb4.9.3&#8243; title_font=\u00bbMontserrat|700||on|||||\u00bb title_text_color=\u00bb#000000&#8243; title_font_size=\u00bb60px\u00bb background_enable_color=\u00bboff\u00bb background_layout=\u00bblight\u00bb custom_css_header_image=\u00bbwidth:200px;\u00bb] Arte y Filosof\u00eda IES Rey Pelayo, Cangas de On\u00eds [\/et_pb_fullwidth_header][\/et_pb_section][et_pb_section fb_built=\u00bb1&#8243; _builder_version=\u00bb3.29.3&#8243; background_color=\u00bb#000000&#8243;][et_pb_row _builder_version=\u00bb4.9.3&#8243; _module_preset=\u00bbdefault\u00bb][et_pb_column type=\u00bb4_4&#8243; _builder_version=\u00bb4.9.3&#8243; _module_preset=\u00bbdefault\u00bb][et_pb_text admin_label=\u00bbTitle\u00bb _builder_version=\u00bb4.9.3&#8243; text_font=\u00bbMontserrat||||||||\u00bb text_text_color=\u00bb#747d88&#8243; text_font_size=\u00bb16px\u00bb text_line_height=\u00bb1.9em\u00bb header_font=\u00bb||||||||\u00bb header_2_font=\u00bbMontserrat|700||on|||||\u00bb header_2_font_size=\u00bb42px\u00bb header_2_line_height=\u00bb1.3em\u00bb background_size=\u00bbinitial\u00bb background_position=\u00bbtop_left\u00bb background_repeat=\u00bbrepeat\u00bb text_orientation=\u00bbcenter\u00bb max_width=\u00bb700px\u00bb module_alignment=\u00bbcenter\u00bb animation_style=\u00bbslide\u00bb animation_direction=\u00bbbottom\u00bb animation_intensity_slide=\u00bb4%\u00bb] \u00a0Acciones [\/et_pb_text][\/et_pb_column][\/et_pb_row][et_pb_row column_structure=\u00bb1_3,1_3,1_3&#8243; _builder_version=\u00bb3.29.3&#8243;][et_pb_column type=\u00bb1_3&#8243; [&hellip;]<\/p>\n","protected":false},"author":1,"featured_media":0,"parent":0,"menu_order":0,"comment_status":"closed","ping_status":"closed","template":"","meta":{"_et_pb_use_builder":"on","_et_pb_old_content":"","_et_gb_content_width":"","footnotes":""},"class_list":["post-5","page","type-page","status-publish","hentry"],"_links":{"self":[{"href":"https:\/\/artes.puenteromano.net\/index.php\/wp-json\/wp\/v2\/pages\/5","targetHints":{"allow":["GET"]}}],"collection":[{"href":"https:\/\/artes.puenteromano.net\/index.php\/wp-json\/wp\/v2\/pages"}],"about":[{"href":"https:\/\/artes.puenteromano.net\/index.php\/wp-json\/wp\/v2\/types\/page"}],"author":[{"embeddable":true,"href":"https:\/\/artes.puenteromano.net\/index.php\/wp-json\/wp\/v2\/users\/1"}],"replies":[{"embeddable":true,"href":"https:\/\/artes.puenteromano.net\/index.php\/wp-json\/wp\/v2\/comments?post=5"}],"version-history":[{"count":41,"href":"https:\/\/artes.puenteromano.net\/index.php\/wp-json\/wp\/v2\/pages\/5\/revisions"}],"predecessor-version":[{"id":1851,"href":"https:\/\/artes.puenteromano.net\/index.php\/wp-json\/wp\/v2\/pages\/5\/revisions\/1851"}],"wp:attachment":[{"href":"https:\/\/artes.puenteromano.net\/index.php\/wp-json\/wp\/v2\/media?parent=5"}],"curies":[{"name":"wp","href":"https:\/\/api.w.org\/{rel}","templated":true}]}}